{"id":1763,"date":"2017-02-06T10:45:00","date_gmt":"2017-02-06T15:45:00","guid":{"rendered":"https:\/\/www.acluarkansas.org\/obtener-ayuda\/"},"modified":"2017-02-06T10:45:00","modified_gmt":"2017-02-06T15:45:00","slug":"obtener-ayuda","status":"publish","type":"page","link":"https:\/\/www.acluarkansas.org\/es\/obtener-ayuda\/","title":{"rendered":"Solicitar Asistencia Legal"},"content":{"rendered":"<div>\n<h2><strong>\u00bfQu\u00e9 es el ACLU y qu\u00e9 hace?<\/strong><\/h2>\n<p>El ACLU es una organizaci\u00f3n privada sin fines de lucro. Nuestra misi\u00f3n es preservar y proteger las libertades civiles y los derechos civiles garantizados por las Constituciones de los Estados Unidos y Arkansas, en particular los derechos contenidos en la Declaraci\u00f3n de Derechos.&nbsp;<\/p>\n<p>Nuestro trabajo legal se centra en los actores gubernamentales, agencias, oficinas, leyes y pol\u00edticas que violan los derechos constitucionales de los residentes de Arkansas y las violaciones de los derechos civiles por parte de actores privados. &nbsp;<\/p>\n<p>Entre los temas en los que trabajamos se encuentran la libertad de expresi\u00f3n, la libertad de religi\u00f3n, las actividades religiosas patrocinadas por el gobierno, la privacidad, la discriminaci\u00f3n por motivos de raza, etnia, g\u00e9nero, identidad de g\u00e9nero, orientaci\u00f3n sexual, derechos de las personas con discapacidad, mala conducta policial, censura en escuelas o bibliotecas, derechos de los estudiantes, privacidad en el lugar de trabajo, acceso a documentos gubernamentales y otras cuestiones de trato justo por parte del gobierno. En general, NO asistimos en: casos penales y apelaciones, condenas err\u00f3neas, asuntos de divorcio o custodia de menores, testamentos o quejas sobre abogados.<\/p>\n<p>Recibimos miles de solicitudes de asistencia cada a\u00f1o y podemos proporcionar representaci\u00f3n legal directa a un n\u00famero muy limitado de solicitudes. No proporcionamos servicios de emergencia ni brindamos asesoramiento legal general. &nbsp;Solo brindamos asesoramiento y servicios a aquellas personas con las que entramos a un acuerdo de representaci\u00f3n por escrito. &nbsp;Todas las solicitudes de asistencia legal deben presentarse por escrito. &nbsp;Las entrevistas en persona generalmente no son posibles y no aceptamos visitas sin cita previa.&nbsp;<\/p>\n<h2><strong>\u00bfPor qu\u00e9 debo escribir? &nbsp;\u00bfCu\u00e1nto tiempo lleva esto?<\/strong><\/h2>\n<p>Debido a nuestro personal reducido, las entrevistas en persona y por tel\u00e9fono no suelen ser posibles para las solicitudes iniciales de asistencia. El ACLU intentar\u00e1 adaptarse a las personas que no puedan escribir debido a una discapacidad. &nbsp;Tener su solicitud por escrito nos permite procesar m\u00e1s r\u00e1pidamente su solicitud, ya que podemos transmitir su solicitud&nbsp;internamente&nbsp;a otros seg\u00fan sea necesario, y a los abogados que ejercen en Arkansas que pueden ser capaces de ayudarnos con su solicitud.<\/p>\n<p>Nuestro Departamento Legal revisa todas las denuncias que recibimos cada semana para determinar si las solicitudes presentan problemas en los que podemos ayudar. &nbsp;Recibimos varias denuncias cada semana; Cada solicitud se revisa, pero puede tomarnos alg\u00fan tiempo. Intentaremos informarle dentro de cuatro semanas si podemos ayudarlo. Esto nos da tiempo para recopilar cualquier informaci\u00f3n adicional o realizar investigaciones que puedan ser necesarias y para evaluar nuestros recursos y capacidades en el momento en que se realiza la solicitud. &nbsp;Si no recibe una respuesta de nuestra parte en un plazo de cuatro semanas desde que present\u00f3 su solicitud, puede asumir con seguridad que no estamos en condiciones de poder ayudarlo con su solicitud.&nbsp;<\/p>\n<h2><strong>\u00bfNo quieres usar la p\u00e1gina web?<\/strong><\/h2>\n<ol>\n<li>Imprima el&nbsp;formulario de queja&nbsp;y env\u00edenos por correo el formulario completo, o<\/li>\n<li>Env\u00edenos una carta: ACLU of Arkansas- Intake, 904 West 2nd Street, Suite 1, Little Rock, AR 72201.<\/li>\n<\/ol>\n<p>Por favor, no nos env\u00ede documentos originales, no ser\u00e1n devueltos.<\/p>\n<h2><a class=\"cta-style-arrow\" href=\"https:\/\/acluarkansas.cliogrow.com\/intake\/7c5ed225682c37af784a211b846c65f9\">Haz clic aqu\u00ed para obtener ayuda.<\/a><\/h2>\n<\/div>\n<p>&nbsp;<\/p>\n","protected":false},"excerpt":{"rendered":"<p>\u00bfQu\u00e9 es el ACLU y qu\u00e9 hace? El ACLU es una organizaci\u00f3n privada sin fines de lucro. Nuestra misi\u00f3n es preservar y proteger las libertades civiles y los derechos civiles garantizados por las Constituciones de los Estados Unidos y Arkansas, en particular los derechos contenidos en la Declaraci\u00f3n de Derechos.&nbsp; Nuestro trabajo legal se centra [&hellip;]<\/p>\n","protected":false},"author":0,"featured_media":0,"parent":0,"menu_order":0,"comment_status":"closed","ping_status":"closed","template":"","meta":{"_acf_changed":false,"_relevanssi_hide_post":"","_relevanssi_hide_content":"","_relevanssi_pin_for_all":"","_relevanssi_pin_keywords":"","_relevanssi_unpin_keywords":"","_relevanssi_related_keywords":"","_relevanssi_related_include_ids":"","_relevanssi_related_exclude_ids":"","_relevanssi_related_no_append":"","_relevanssi_related_not_related":"","_relevanssi_related_posts":"","_relevanssi_noindex_reason":"","footnotes":""},"class_list":["post-1763","page","type-page","status-publish","hentry"],"acf":{"layout":"default","header-group":{"header-description":"","show-subnav":false,"hide-from-subnav":false},"components":[{"acf_fc_layout":"migrated","migrated":{"migrated":"<div><h2><strong>\u00bfQu\u00e9 es el ACLU y qu\u00e9 hace?<\/strong><\/h2><p>El ACLU es una organizaci\u00f3n privada sin fines de lucro. Nuestra misi\u00f3n es preservar y proteger las libertades civiles y los derechos civiles garantizados por las Constituciones de los Estados Unidos y Arkansas, en particular los derechos contenidos en la Declaraci\u00f3n de Derechos.\u00a0<\/p><p>Nuestro trabajo legal se centra en los actores gubernamentales, agencias, oficinas, leyes y pol\u00edticas que violan los derechos constitucionales de los residentes de Arkansas y las violaciones de los derechos civiles por parte de actores privados. \u00a0<\/p><p>Entre los temas en los que trabajamos se encuentran la libertad de expresi\u00f3n, la libertad de religi\u00f3n, las actividades religiosas patrocinadas por el gobierno, la privacidad, la discriminaci\u00f3n por motivos de raza, etnia, g\u00e9nero, identidad de g\u00e9nero, orientaci\u00f3n sexual, derechos de las personas con discapacidad, mala conducta policial, censura en escuelas o bibliotecas, derechos de los estudiantes, privacidad en el lugar de trabajo, acceso a documentos gubernamentales y otras cuestiones de trato justo por parte del gobierno. En general, NO asistimos en: casos penales y apelaciones, condenas err\u00f3neas, asuntos de divorcio o custodia de menores, testamentos o quejas sobre abogados.<\/p><p>Recibimos miles de solicitudes de asistencia cada a\u00f1o y podemos proporcionar representaci\u00f3n legal directa a un n\u00famero muy limitado de solicitudes. No proporcionamos servicios de emergencia ni brindamos asesoramiento legal general. \u00a0Solo brindamos asesoramiento y servicios a aquellas personas con las que entramos a un acuerdo de representaci\u00f3n por escrito. \u00a0Todas las solicitudes de asistencia legal deben presentarse por escrito. \u00a0Las entrevistas en persona generalmente no son posibles y no aceptamos visitas sin cita previa.\u00a0<\/p><h2><strong>\u00bfPor qu\u00e9 debo escribir? \u00a0\u00bfCu\u00e1nto tiempo lleva esto?<\/strong><\/h2><p>Debido a nuestro personal reducido, las entrevistas en persona y por tel\u00e9fono no suelen ser posibles para las solicitudes iniciales de asistencia. El ACLU intentar\u00e1 adaptarse a las personas que no puedan escribir debido a una discapacidad. \u00a0Tener su solicitud por escrito nos permite procesar m\u00e1s r\u00e1pidamente su solicitud, ya que podemos transmitir su solicitud\u00a0internamente\u00a0a otros seg\u00fan sea necesario, y a los abogados que ejercen en Arkansas que pueden ser capaces de ayudarnos con su solicitud.<\/p><p>Nuestro Departamento Legal revisa todas las denuncias que recibimos cada semana para determinar si las solicitudes presentan problemas en los que podemos ayudar. \u00a0Recibimos varias denuncias cada semana; Cada solicitud se revisa, pero puede tomarnos alg\u00fan tiempo. Intentaremos informarle dentro de cuatro semanas si podemos ayudarlo. Esto nos da tiempo para recopilar cualquier informaci\u00f3n adicional o realizar investigaciones que puedan ser necesarias y para evaluar nuestros recursos y capacidades en el momento en que se realiza la solicitud. \u00a0Si no recibe una respuesta de nuestra parte en un plazo de cuatro semanas desde que present\u00f3 su solicitud, puede asumir con seguridad que no estamos en condiciones de poder ayudarlo con su solicitud.\u00a0<\/p><h2><strong>\u00bfNo quieres usar la p\u00e1gina web?<\/strong><\/h2><ol><li>Imprima el\u00a0formulario de queja\u00a0y env\u00edenos por correo el formulario completo, o<\/li><li>Env\u00edenos una carta: ACLU of Arkansas- Intake, 904 West 2nd Street, Suite 1, Little Rock, AR 72201.<\/li><\/ol><p>Por favor, no nos env\u00ede documentos originales, no ser\u00e1n devueltos.<\/p><h2><a class=\"cta-style-arrow\" href=\"https:\/\/acluarkansas.cliogrow.com\/intake\/7c5ed225682c37af784a211b846c65f9\">Haz clic aqu\u00ed para obtener ayuda.<\/a><\/h2><\/div><p>\u00a0<\/p>"}},{"acf_fc_layout":"buttons","buttons":{"primary":{"text":"","link":""},"secondary":{"text":"","link":""}}}],"section":null,"issues":"","related_content":"","documents":null},"yoast_head":"<!-- This site is optimized with the Yoast SEO plugin v24.9 - https:\/\/yoast.com\/wordpress\/plugins\/seo\/ -->\n<title>Solicitar Asistencia Legal - ACLU of Arkansas<\/title>\n<meta name=\"robots\" content=\"index, follow, max-snippet:-1, max-image-preview:large, max-video-preview:-1\" \/>\n<link rel=\"canonical\" href=\"https:\/\/www.acluarkansas.org\/es\/obtener-ayuda\/\" \/>\n<meta property=\"og:locale\" content=\"es_ES\" \/>\n<meta property=\"og:type\" content=\"article\" \/>\n<meta property=\"og:title\" content=\"Solicitar Asistencia Legal - ACLU of Arkansas\" \/>\n<meta property=\"og:description\" content=\"\u00bfQu\u00e9 es el ACLU y qu\u00e9 hace? El ACLU es una organizaci\u00f3n privada sin fines de lucro. Nuestra misi\u00f3n es preservar y proteger las libertades civiles y los derechos civiles garantizados por las Constituciones de los Estados Unidos y Arkansas, en particular los derechos contenidos en la Declaraci\u00f3n de Derechos.&nbsp; Nuestro trabajo legal se centra [&hellip;]\" \/>\n<meta property=\"og:url\" content=\"https:\/\/www.acluarkansas.org\/es\/obtener-ayuda\/\" \/>\n<meta property=\"og:site_name\" content=\"ACLU of Arkansas\" \/>\n<meta property=\"og:image\" content=\"https:\/\/www.acluarkansas.org\/app\/themes\/aclu-parent\/img\/default_fb_share.jpg\" \/>\n<meta name=\"twitter:card\" content=\"summary_large_image\" \/>\n<script type=\"application\/ld+json\" class=\"yoast-schema-graph\">{\"@context\":\"https:\/\/schema.org\",\"@graph\":[{\"@type\":\"WebPage\",\"@id\":\"https:\/\/www.acluarkansas.org\/es\/obtener-ayuda\/\",\"url\":\"https:\/\/www.acluarkansas.org\/es\/obtener-ayuda\/\",\"name\":\"Solicitar Asistencia Legal - ACLU of Arkansas\",\"isPartOf\":{\"@id\":\"https:\/\/www.acluarkansas.org\/#website\"},\"datePublished\":\"2017-02-06T15:45:00+00:00\",\"inLanguage\":\"es-ES\",\"potentialAction\":[{\"@type\":\"ReadAction\",\"target\":[\"https:\/\/www.acluarkansas.org\/es\/obtener-ayuda\/\"]}]},{\"@type\":\"WebSite\",\"@id\":\"https:\/\/www.acluarkansas.org\/#website\",\"url\":\"https:\/\/www.acluarkansas.org\/\",\"name\":\"ACLU of Arkansas\",\"description\":\"\",\"publisher\":{\"@id\":\"https:\/\/www.acluarkansas.org\/#organization\"},\"potentialAction\":[{\"@type\":\"SearchAction\",\"target\":{\"@type\":\"EntryPoint\",\"urlTemplate\":\"https:\/\/www.acluarkansas.org\/?s={search_term_string}\"},\"query-input\":{\"@type\":\"PropertyValueSpecification\",\"valueRequired\":true,\"valueName\":\"search_term_string\"}}],\"inLanguage\":\"es-ES\"},{\"@type\":\"Organization\",\"@id\":\"https:\/\/www.acluarkansas.org\/#organization\",\"name\":\"ACLU of Arkansas\",\"url\":\"https:\/\/www.acluarkansas.org\/\",\"logo\":{\"@type\":\"ImageObject\",\"inLanguage\":\"es-ES\",\"@id\":\"https:\/\/www.acluarkansas.org\/#\/schema\/logo\/image\/\",\"url\":\"https:\/\/www.acluarkansas.org\/app\/uploads\/2025\/09\/ACLU_Arkansas_Moblie-Web_Color_RGB.png\",\"contentUrl\":\"https:\/\/www.acluarkansas.org\/app\/uploads\/2025\/09\/ACLU_Arkansas_Moblie-Web_Color_RGB.png\",\"width\":2084,\"height\":2084,\"caption\":\"ACLU of Arkansas\"},\"image\":{\"@id\":\"https:\/\/www.acluarkansas.org\/#\/schema\/logo\/image\/\"}}]}<\/script>\n<!-- \/ Yoast SEO plugin. -->","yoast_head_json":{"title":"Solicitar Asistencia Legal - ACLU of Arkansas","robots":{"index":"index","follow":"follow","max-snippet":"max-snippet:-1","max-image-preview":"max-image-preview:large","max-video-preview":"max-video-preview:-1"},"canonical":"https:\/\/www.acluarkansas.org\/es\/obtener-ayuda\/","og_locale":"es_ES","og_type":"article","og_title":"Solicitar Asistencia Legal - ACLU of Arkansas","og_description":"\u00bfQu\u00e9 es el ACLU y qu\u00e9 hace? El ACLU es una organizaci\u00f3n privada sin fines de lucro. Nuestra misi\u00f3n es preservar y proteger las libertades civiles y los derechos civiles garantizados por las Constituciones de los Estados Unidos y Arkansas, en particular los derechos contenidos en la Declaraci\u00f3n de Derechos.&nbsp; Nuestro trabajo legal se centra [&hellip;]","og_url":"https:\/\/www.acluarkansas.org\/es\/obtener-ayuda\/","og_site_name":"ACLU of Arkansas","og_image":[{"url":"https:\/\/www.acluarkansas.org\/app\/themes\/aclu-parent\/img\/default_fb_share.jpg","type":"","width":"","height":""}],"twitter_card":"summary_large_image","schema":{"@context":"https:\/\/schema.org","@graph":[{"@type":"WebPage","@id":"https:\/\/www.acluarkansas.org\/es\/obtener-ayuda\/","url":"https:\/\/www.acluarkansas.org\/es\/obtener-ayuda\/","name":"Solicitar Asistencia Legal - ACLU of Arkansas","isPartOf":{"@id":"https:\/\/www.acluarkansas.org\/#website"},"datePublished":"2017-02-06T15:45:00+00:00","inLanguage":"es-ES","potentialAction":[{"@type":"ReadAction","target":["https:\/\/www.acluarkansas.org\/es\/obtener-ayuda\/"]}]},{"@type":"WebSite","@id":"https:\/\/www.acluarkansas.org\/#website","url":"https:\/\/www.acluarkansas.org\/","name":"ACLU of Arkansas","description":"","publisher":{"@id":"https:\/\/www.acluarkansas.org\/#organization"},"potentialAction":[{"@type":"SearchAction","target":{"@type":"EntryPoint","urlTemplate":"https:\/\/www.acluarkansas.org\/?s={search_term_string}"},"query-input":{"@type":"PropertyValueSpecification","valueRequired":true,"valueName":"search_term_string"}}],"inLanguage":"es-ES"},{"@type":"Organization","@id":"https:\/\/www.acluarkansas.org\/#organization","name":"ACLU of Arkansas","url":"https:\/\/www.acluarkansas.org\/","logo":{"@type":"ImageObject","inLanguage":"es-ES","@id":"https:\/\/www.acluarkansas.org\/#\/schema\/logo\/image\/","url":"https:\/\/www.acluarkansas.org\/app\/uploads\/2025\/09\/ACLU_Arkansas_Moblie-Web_Color_RGB.png","contentUrl":"https:\/\/www.acluarkansas.org\/app\/uploads\/2025\/09\/ACLU_Arkansas_Moblie-Web_Color_RGB.png","width":2084,"height":2084,"caption":"ACLU of Arkansas"},"image":{"@id":"https:\/\/www.acluarkansas.org\/#\/schema\/logo\/image\/"}}]}},"distributor_meta":false,"distributor_terms":false,"distributor_media":false,"distributor_original_site_name":"ACLU of Arkansas","distributor_original_site_url":"https:\/\/www.acluarkansas.org\/es\/","push-errors":false,"_links":{"self":[{"href":"https:\/\/www.acluarkansas.org\/es\/wp-json\/wp\/v2\/pages\/1763","targetHints":{"allow":["GET"]}}],"collection":[{"href":"https:\/\/www.acluarkansas.org\/es\/wp-json\/wp\/v2\/pages"}],"about":[{"href":"https:\/\/www.acluarkansas.org\/es\/wp-json\/wp\/v2\/types\/page"}],"replies":[{"embeddable":true,"href":"https:\/\/www.acluarkansas.org\/es\/wp-json\/wp\/v2\/comments?post=1763"}],"version-history":[{"count":0,"href":"https:\/\/www.acluarkansas.org\/es\/wp-json\/wp\/v2\/pages\/1763\/revisions"}],"wp:attachment":[{"href":"https:\/\/www.acluarkansas.org\/es\/wp-json\/wp\/v2\/media?parent=1763"}],"curies":[{"name":"wp","href":"https:\/\/api.w.org\/{rel}","templated":true}]}}